{"id":1588,"date":"2022-12-27T18:00:02","date_gmt":"2022-12-27T17:00:02","guid":{"rendered":"https:\/\/my-dna-test.com\/laboratorios-y-plataformas\/"},"modified":"2024-02-06T15:35:07","modified_gmt":"2024-02-06T14:35:07","slug":"laboratorios-y-plataformas","status":"publish","type":"page","link":"https:\/\/my-dna-test.com\/es\/laboratorios-y-plataformas\/","title":{"rendered":"Laboratorios y plataformas"},"content":{"rendered":"\n<h2 class=\"wp-block-heading\">Los mejores laboratorios<\/h2>\n\n<p>Descubra los mejores laboratorios para pruebas de ADN con nuestros detallados dossiers, un recurso imprescindible para quienes buscan precisi\u00f3n, fiabilidad y confidencialidad. Esta p\u00e1gina re\u00fane <strong>una cuidada selecci\u00f3n de los laboratorios m\u00e1s reputados en el campo de las pruebas gen\u00e9ticas<\/strong>. Tanto si su inter\u00e9s por las pruebas de ADN est\u00e1 motivado por <strong>descubrir sus or\u00edgenes<\/strong>, confirmar <strong>lazos familiares<\/strong>, conocer su <strong>perfil gen\u00e9tico<\/strong> de salud, o mucho m\u00e1s, podemos ayudarle a encontrar el laboratorio ideal. Descubra los laboratorios l\u00edderes del mercado, sus especialidades y los servicios que ofrecen, al tiempo que se beneficia de an\u00e1lisis detallados y asesoramiento experto para guiarle en su elecci\u00f3n.<\/p>\n","protected":false},"excerpt":{"rendered":"<p>Los mejores laboratorios Descubra los mejores laboratorios para pruebas de ADN con nuestros detallados dossiers, un recurso imprescindible para quienes buscan precisi\u00f3n, fiabilidad y confidencialidad. Esta p\u00e1gina re\u00fane una cuidada selecci\u00f3n de los laboratorios m\u00e1s reputados en el campo de las pruebas gen\u00e9ticas. Tanto si su inter\u00e9s por las pruebas de ADN est\u00e1 motivado por [&hellip;]<\/p>\n","protected":false},"author":1,"featured_media":0,"parent":0,"menu_order":0,"comment_status":"closed","ping_status":"closed","template":"page-casino-archive-style-9.php","meta":{"footnotes":""},"class_list":["post-1588","page","type-page","status-publish","hentry"],"yoast_head":"<!-- This site is optimized with the Yoast SEO plugin v25.2 - https:\/\/yoast.com\/wordpress\/plugins\/seo\/ -->\n<title>Laboratorios y plataformas - Mi prueba de ADN.<\/title>\n<meta name=\"description\" content=\"Descubra los mejores laboratorios para pruebas de ADN con nuestros detallados dossiers, un recurso imprescindible para quienes buscan precisi\u00f3n, fiabilidad y confidencialidad.\" \/>\n<meta name=\"robots\" content=\"index, follow, max-snippet:-1, max-image-preview:large, max-video-preview:-1\" \/>\n<link rel=\"canonical\" href=\"https:\/\/my-dna-test.com\/es\/laboratorios-y-plataformas\/\" \/>\n<meta property=\"og:locale\" content=\"es_ES\" \/>\n<meta property=\"og:type\" content=\"article\" \/>\n<meta property=\"og:title\" content=\"Laboratorios y plataformas - Mi prueba de ADN.\" \/>\n<meta property=\"og:description\" content=\"Descubra los mejores laboratorios para pruebas de ADN con nuestros detallados dossiers, un recurso imprescindible para quienes buscan precisi\u00f3n, fiabilidad y confidencialidad.\" \/>\n<meta property=\"og:url\" content=\"https:\/\/my-dna-test.com\/es\/laboratorios-y-plataformas\/\" \/>\n<meta property=\"og:site_name\" content=\"Mi prueba de ADN\" \/>\n<meta property=\"article:publisher\" content=\"https:\/\/www.facebook.com\/mydnatest\/\" \/>\n<meta property=\"article:modified_time\" content=\"2024-02-06T14:35:07+00:00\" \/>\n<meta name=\"twitter:card\" content=\"summary_large_image\" \/>\n<meta name=\"twitter:site\" content=\"@My_DNA_Test\" \/>\n<meta name=\"twitter:label1\" content=\"Tiempo de lectura\" \/>\n\t<meta name=\"twitter:data1\" content=\"1 minuto\" \/>\n<script type=\"application\/ld+json\" class=\"yoast-schema-graph\">{\"@context\":\"https:\/\/schema.org\",\"@graph\":[{\"@type\":\"WebPage\",\"@id\":\"https:\/\/my-dna-test.com\/es\/laboratorios-y-plataformas\/\",\"url\":\"https:\/\/my-dna-test.com\/es\/laboratorios-y-plataformas\/\",\"name\":\"Laboratorios y plataformas - Mi prueba de ADN.\",\"isPartOf\":{\"@id\":\"https:\/\/my-dna-test.com\/es\/#website\"},\"datePublished\":\"2022-12-27T17:00:02+00:00\",\"dateModified\":\"2024-02-06T14:35:07+00:00\",\"description\":\"Descubra los mejores laboratorios para pruebas de ADN con nuestros detallados dossiers, un recurso imprescindible para quienes buscan precisi\u00f3n, fiabilidad y confidencialidad.\",\"breadcrumb\":{\"@id\":\"https:\/\/my-dna-test.com\/es\/laboratorios-y-plataformas\/#breadcrumb\"},\"inLanguage\":\"es\",\"potentialAction\":[{\"@type\":\"ReadAction\",\"target\":[\"https:\/\/my-dna-test.com\/es\/laboratorios-y-plataformas\/\"]}]},{\"@type\":\"BreadcrumbList\",\"@id\":\"https:\/\/my-dna-test.com\/es\/laboratorios-y-plataformas\/#breadcrumb\",\"itemListElement\":[{\"@type\":\"ListItem\",\"position\":1,\"name\":\"Inicio\",\"item\":\"https:\/\/my-dna-test.com\/es\/\"},{\"@type\":\"ListItem\",\"position\":2,\"name\":\"Laboratorios y plataformas\"}]},{\"@type\":\"WebSite\",\"@id\":\"https:\/\/my-dna-test.com\/es\/#website\",\"url\":\"https:\/\/my-dna-test.com\/es\/\",\"name\":\"My DNA Test\",\"description\":\"\",\"publisher\":{\"@id\":\"https:\/\/my-dna-test.com\/es\/#organization\"},\"potentialAction\":[{\"@type\":\"SearchAction\",\"target\":{\"@type\":\"EntryPoint\",\"urlTemplate\":\"https:\/\/my-dna-test.com\/es\/?s={search_term_string}\"},\"query-input\":{\"@type\":\"PropertyValueSpecification\",\"valueRequired\":true,\"valueName\":\"search_term_string\"}}],\"inLanguage\":\"es\"},{\"@type\":\"Organization\",\"@id\":\"https:\/\/my-dna-test.com\/es\/#organization\",\"name\":\"My DNA Test\",\"url\":\"https:\/\/my-dna-test.com\/es\/\",\"logo\":{\"@type\":\"ImageObject\",\"inLanguage\":\"es\",\"@id\":\"https:\/\/my-dna-test.com\/es\/#\/schema\/logo\/image\/\",\"url\":\"https:\/\/my-dna-test.com\/wp-content\/uploads\/2024\/01\/logo-mta.png\",\"contentUrl\":\"https:\/\/my-dna-test.com\/wp-content\/uploads\/2024\/01\/logo-mta.png\",\"width\":1500,\"height\":219,\"caption\":\"My DNA Test\"},\"image\":{\"@id\":\"https:\/\/my-dna-test.com\/es\/#\/schema\/logo\/image\/\"},\"sameAs\":[\"https:\/\/www.facebook.com\/mydnatest\/\",\"https:\/\/x.com\/My_DNA_Test\"]}]}<\/script>\n<!-- \/ Yoast SEO plugin. -->","yoast_head_json":{"title":"Laboratorios y plataformas - Mi prueba de ADN.","description":"Descubra los mejores laboratorios para pruebas de ADN con nuestros detallados dossiers, un recurso imprescindible para quienes buscan precisi\u00f3n, fiabilidad y confidencialidad.","robots":{"index":"index","follow":"follow","max-snippet":"max-snippet:-1","max-image-preview":"max-image-preview:large","max-video-preview":"max-video-preview:-1"},"canonical":"https:\/\/my-dna-test.com\/es\/laboratorios-y-plataformas\/","og_locale":"es_ES","og_type":"article","og_title":"Laboratorios y plataformas - Mi prueba de ADN.","og_description":"Descubra los mejores laboratorios para pruebas de ADN con nuestros detallados dossiers, un recurso imprescindible para quienes buscan precisi\u00f3n, fiabilidad y confidencialidad.","og_url":"https:\/\/my-dna-test.com\/es\/laboratorios-y-plataformas\/","og_site_name":"Mi prueba de ADN","article_publisher":"https:\/\/www.facebook.com\/mydnatest\/","article_modified_time":"2024-02-06T14:35:07+00:00","twitter_card":"summary_large_image","twitter_site":"@My_DNA_Test","twitter_misc":{"Tiempo de lectura":"1 minuto"},"schema":{"@context":"https:\/\/schema.org","@graph":[{"@type":"WebPage","@id":"https:\/\/my-dna-test.com\/es\/laboratorios-y-plataformas\/","url":"https:\/\/my-dna-test.com\/es\/laboratorios-y-plataformas\/","name":"Laboratorios y plataformas - Mi prueba de ADN.","isPartOf":{"@id":"https:\/\/my-dna-test.com\/es\/#website"},"datePublished":"2022-12-27T17:00:02+00:00","dateModified":"2024-02-06T14:35:07+00:00","description":"Descubra los mejores laboratorios para pruebas de ADN con nuestros detallados dossiers, un recurso imprescindible para quienes buscan precisi\u00f3n, fiabilidad y confidencialidad.","breadcrumb":{"@id":"https:\/\/my-dna-test.com\/es\/laboratorios-y-plataformas\/#breadcrumb"},"inLanguage":"es","potentialAction":[{"@type":"ReadAction","target":["https:\/\/my-dna-test.com\/es\/laboratorios-y-plataformas\/"]}]},{"@type":"BreadcrumbList","@id":"https:\/\/my-dna-test.com\/es\/laboratorios-y-plataformas\/#breadcrumb","itemListElement":[{"@type":"ListItem","position":1,"name":"Inicio","item":"https:\/\/my-dna-test.com\/es\/"},{"@type":"ListItem","position":2,"name":"Laboratorios y plataformas"}]},{"@type":"WebSite","@id":"https:\/\/my-dna-test.com\/es\/#website","url":"https:\/\/my-dna-test.com\/es\/","name":"My DNA Test","description":"","publisher":{"@id":"https:\/\/my-dna-test.com\/es\/#organization"},"potentialAction":[{"@type":"SearchAction","target":{"@type":"EntryPoint","urlTemplate":"https:\/\/my-dna-test.com\/es\/?s={search_term_string}"},"query-input":{"@type":"PropertyValueSpecification","valueRequired":true,"valueName":"search_term_string"}}],"inLanguage":"es"},{"@type":"Organization","@id":"https:\/\/my-dna-test.com\/es\/#organization","name":"My DNA Test","url":"https:\/\/my-dna-test.com\/es\/","logo":{"@type":"ImageObject","inLanguage":"es","@id":"https:\/\/my-dna-test.com\/es\/#\/schema\/logo\/image\/","url":"https:\/\/my-dna-test.com\/wp-content\/uploads\/2024\/01\/logo-mta.png","contentUrl":"https:\/\/my-dna-test.com\/wp-content\/uploads\/2024\/01\/logo-mta.png","width":1500,"height":219,"caption":"My DNA Test"},"image":{"@id":"https:\/\/my-dna-test.com\/es\/#\/schema\/logo\/image\/"},"sameAs":["https:\/\/www.facebook.com\/mydnatest\/","https:\/\/x.com\/My_DNA_Test"]}]}},"_links":{"self":[{"href":"https:\/\/my-dna-test.com\/es\/wp-json\/wp\/v2\/pages\/1588","targetHints":{"allow":["GET"]}}],"collection":[{"href":"https:\/\/my-dna-test.com\/es\/wp-json\/wp\/v2\/pages"}],"about":[{"href":"https:\/\/my-dna-test.com\/es\/wp-json\/wp\/v2\/types\/page"}],"author":[{"embeddable":true,"href":"https:\/\/my-dna-test.com\/es\/wp-json\/wp\/v2\/users\/1"}],"replies":[{"embeddable":true,"href":"https:\/\/my-dna-test.com\/es\/wp-json\/wp\/v2\/comments?post=1588"}],"version-history":[{"count":5,"href":"https:\/\/my-dna-test.com\/es\/wp-json\/wp\/v2\/pages\/1588\/revisions"}],"predecessor-version":[{"id":1656,"href":"https:\/\/my-dna-test.com\/es\/wp-json\/wp\/v2\/pages\/1588\/revisions\/1656"}],"wp:attachment":[{"href":"https:\/\/my-dna-test.com\/es\/wp-json\/wp\/v2\/media?parent=1588"}],"curies":[{"name":"wp","href":"https:\/\/api.w.org\/{rel}","templated":true}]}}