{"id":1509,"date":"2022-12-27T18:00:02","date_gmt":"2022-12-27T17:00:02","guid":{"rendered":"https:\/\/my-dna-test.com\/laboratori-e-piattaforme\/"},"modified":"2024-02-06T15:35:08","modified_gmt":"2024-02-06T14:35:08","slug":"laboratori-e-piattaforme","status":"publish","type":"page","link":"https:\/\/my-dna-test.com\/it\/laboratori-e-piattaforme\/","title":{"rendered":"Laboratori e piattaforme"},"content":{"rendered":"\n<h2 class=\"wp-block-heading\">I migliori laboratori<\/h2>\n\n<p>Scoprite i migliori laboratori per il test del DNA con i nostri dossier dettagliati, una risorsa indispensabile per chi cerca accuratezza, affidabilit\u00e0 e riservatezza. Questa pagina raccoglie <strong>un&#8217;accurata selezione dei laboratori pi\u00f9 rinomati nel campo dei test genetici<\/strong>. Se il vostro interesse per il test del DNA \u00e8 motivato dalla <strong>scoperta delle vostre origini<\/strong>, dalla conferma dei <strong>legami familiari<\/strong>, dalla comprensione del vostro <strong>profilo genetico<\/strong> o da molto altro ancora, possiamo aiutarvi a trovare il laboratorio ideale. Scoprite i laboratori leader di mercato, le loro specialit\u00e0 e i servizi offerti, beneficiando di analisi dettagliate e di consigli di esperti che vi guideranno nella scelta.<\/p>\n","protected":false},"excerpt":{"rendered":"<p>I migliori laboratori Scoprite i migliori laboratori per il test del DNA con i nostri dossier dettagliati, una risorsa indispensabile per chi cerca accuratezza, affidabilit\u00e0 e riservatezza. Questa pagina raccoglie un&#8217;accurata selezione dei laboratori pi\u00f9 rinomati nel campo dei test genetici. Se il vostro interesse per il test del DNA \u00e8 motivato dalla scoperta delle [&hellip;]<\/p>\n","protected":false},"author":1,"featured_media":0,"parent":0,"menu_order":0,"comment_status":"closed","ping_status":"closed","template":"page-casino-archive-style-9.php","meta":{"footnotes":""},"class_list":["post-1509","page","type-page","status-publish","hentry"],"yoast_head":"<!-- This site is optimized with the Yoast SEO plugin v25.2 - https:\/\/yoast.com\/wordpress\/plugins\/seo\/ -->\n<title>Laboratori e piattaforme - My DNA Test<\/title>\n<meta name=\"description\" content=\"Scoprite i migliori laboratori per il test del DNA con i nostri dossier dettagliati, una risorsa indispensabile per chi cerca accuratezza, affidabilit\u00e0 e riservatezza.\" \/>\n<meta name=\"robots\" content=\"index, follow, max-snippet:-1, max-image-preview:large, max-video-preview:-1\" \/>\n<link rel=\"canonical\" href=\"https:\/\/my-dna-test.com\/it\/laboratori-e-piattaforme\/\" \/>\n<meta property=\"og:locale\" content=\"it_IT\" \/>\n<meta property=\"og:type\" content=\"article\" \/>\n<meta property=\"og:title\" content=\"Laboratori e piattaforme - My DNA Test\" \/>\n<meta property=\"og:description\" content=\"Scoprite i migliori laboratori per il test del DNA con i nostri dossier dettagliati, una risorsa indispensabile per chi cerca accuratezza, affidabilit\u00e0 e riservatezza.\" \/>\n<meta property=\"og:url\" content=\"https:\/\/my-dna-test.com\/it\/laboratori-e-piattaforme\/\" \/>\n<meta property=\"og:site_name\" content=\"My DNA Test\" \/>\n<meta property=\"article:publisher\" content=\"https:\/\/www.facebook.com\/mydnatest\/\" \/>\n<meta property=\"article:modified_time\" content=\"2024-02-06T14:35:08+00:00\" \/>\n<meta name=\"twitter:card\" content=\"summary_large_image\" \/>\n<meta name=\"twitter:site\" content=\"@My_DNA_Test\" \/>\n<meta name=\"twitter:label1\" content=\"Tempo di lettura stimato\" \/>\n\t<meta name=\"twitter:data1\" content=\"1 minuto\" \/>\n<script type=\"application\/ld+json\" class=\"yoast-schema-graph\">{\"@context\":\"https:\/\/schema.org\",\"@graph\":[{\"@type\":\"WebPage\",\"@id\":\"https:\/\/my-dna-test.com\/it\/laboratori-e-piattaforme\/\",\"url\":\"https:\/\/my-dna-test.com\/it\/laboratori-e-piattaforme\/\",\"name\":\"Laboratori e piattaforme - My DNA Test\",\"isPartOf\":{\"@id\":\"https:\/\/my-dna-test.com\/it\/#website\"},\"datePublished\":\"2022-12-27T17:00:02+00:00\",\"dateModified\":\"2024-02-06T14:35:08+00:00\",\"description\":\"Scoprite i migliori laboratori per il test del DNA con i nostri dossier dettagliati, una risorsa indispensabile per chi cerca accuratezza, affidabilit\u00e0 e riservatezza.\",\"breadcrumb\":{\"@id\":\"https:\/\/my-dna-test.com\/it\/laboratori-e-piattaforme\/#breadcrumb\"},\"inLanguage\":\"it-IT\",\"potentialAction\":[{\"@type\":\"ReadAction\",\"target\":[\"https:\/\/my-dna-test.com\/it\/laboratori-e-piattaforme\/\"]}]},{\"@type\":\"BreadcrumbList\",\"@id\":\"https:\/\/my-dna-test.com\/it\/laboratori-e-piattaforme\/#breadcrumb\",\"itemListElement\":[{\"@type\":\"ListItem\",\"position\":1,\"name\":\"Casa\",\"item\":\"https:\/\/my-dna-test.com\/it\/\"},{\"@type\":\"ListItem\",\"position\":2,\"name\":\"Laboratori e piattaforme\"}]},{\"@type\":\"WebSite\",\"@id\":\"https:\/\/my-dna-test.com\/it\/#website\",\"url\":\"https:\/\/my-dna-test.com\/it\/\",\"name\":\"My DNA Test\",\"description\":\"\",\"publisher\":{\"@id\":\"https:\/\/my-dna-test.com\/it\/#organization\"},\"potentialAction\":[{\"@type\":\"SearchAction\",\"target\":{\"@type\":\"EntryPoint\",\"urlTemplate\":\"https:\/\/my-dna-test.com\/it\/?s={search_term_string}\"},\"query-input\":{\"@type\":\"PropertyValueSpecification\",\"valueRequired\":true,\"valueName\":\"search_term_string\"}}],\"inLanguage\":\"it-IT\"},{\"@type\":\"Organization\",\"@id\":\"https:\/\/my-dna-test.com\/it\/#organization\",\"name\":\"My DNA Test\",\"url\":\"https:\/\/my-dna-test.com\/it\/\",\"logo\":{\"@type\":\"ImageObject\",\"inLanguage\":\"it-IT\",\"@id\":\"https:\/\/my-dna-test.com\/it\/#\/schema\/logo\/image\/\",\"url\":\"https:\/\/my-dna-test.com\/wp-content\/uploads\/2024\/01\/logo-mta.png\",\"contentUrl\":\"https:\/\/my-dna-test.com\/wp-content\/uploads\/2024\/01\/logo-mta.png\",\"width\":1500,\"height\":219,\"caption\":\"My DNA Test\"},\"image\":{\"@id\":\"https:\/\/my-dna-test.com\/it\/#\/schema\/logo\/image\/\"},\"sameAs\":[\"https:\/\/www.facebook.com\/mydnatest\/\",\"https:\/\/x.com\/My_DNA_Test\"]}]}<\/script>\n<!-- \/ Yoast SEO plugin. -->","yoast_head_json":{"title":"Laboratori e piattaforme - My DNA Test","description":"Scoprite i migliori laboratori per il test del DNA con i nostri dossier dettagliati, una risorsa indispensabile per chi cerca accuratezza, affidabilit\u00e0 e riservatezza.","robots":{"index":"index","follow":"follow","max-snippet":"max-snippet:-1","max-image-preview":"max-image-preview:large","max-video-preview":"max-video-preview:-1"},"canonical":"https:\/\/my-dna-test.com\/it\/laboratori-e-piattaforme\/","og_locale":"it_IT","og_type":"article","og_title":"Laboratori e piattaforme - My DNA Test","og_description":"Scoprite i migliori laboratori per il test del DNA con i nostri dossier dettagliati, una risorsa indispensabile per chi cerca accuratezza, affidabilit\u00e0 e riservatezza.","og_url":"https:\/\/my-dna-test.com\/it\/laboratori-e-piattaforme\/","og_site_name":"My DNA Test","article_publisher":"https:\/\/www.facebook.com\/mydnatest\/","article_modified_time":"2024-02-06T14:35:08+00:00","twitter_card":"summary_large_image","twitter_site":"@My_DNA_Test","twitter_misc":{"Tempo di lettura stimato":"1 minuto"},"schema":{"@context":"https:\/\/schema.org","@graph":[{"@type":"WebPage","@id":"https:\/\/my-dna-test.com\/it\/laboratori-e-piattaforme\/","url":"https:\/\/my-dna-test.com\/it\/laboratori-e-piattaforme\/","name":"Laboratori e piattaforme - My DNA Test","isPartOf":{"@id":"https:\/\/my-dna-test.com\/it\/#website"},"datePublished":"2022-12-27T17:00:02+00:00","dateModified":"2024-02-06T14:35:08+00:00","description":"Scoprite i migliori laboratori per il test del DNA con i nostri dossier dettagliati, una risorsa indispensabile per chi cerca accuratezza, affidabilit\u00e0 e riservatezza.","breadcrumb":{"@id":"https:\/\/my-dna-test.com\/it\/laboratori-e-piattaforme\/#breadcrumb"},"inLanguage":"it-IT","potentialAction":[{"@type":"ReadAction","target":["https:\/\/my-dna-test.com\/it\/laboratori-e-piattaforme\/"]}]},{"@type":"BreadcrumbList","@id":"https:\/\/my-dna-test.com\/it\/laboratori-e-piattaforme\/#breadcrumb","itemListElement":[{"@type":"ListItem","position":1,"name":"Casa","item":"https:\/\/my-dna-test.com\/it\/"},{"@type":"ListItem","position":2,"name":"Laboratori e piattaforme"}]},{"@type":"WebSite","@id":"https:\/\/my-dna-test.com\/it\/#website","url":"https:\/\/my-dna-test.com\/it\/","name":"My DNA Test","description":"","publisher":{"@id":"https:\/\/my-dna-test.com\/it\/#organization"},"potentialAction":[{"@type":"SearchAction","target":{"@type":"EntryPoint","urlTemplate":"https:\/\/my-dna-test.com\/it\/?s={search_term_string}"},"query-input":{"@type":"PropertyValueSpecification","valueRequired":true,"valueName":"search_term_string"}}],"inLanguage":"it-IT"},{"@type":"Organization","@id":"https:\/\/my-dna-test.com\/it\/#organization","name":"My DNA Test","url":"https:\/\/my-dna-test.com\/it\/","logo":{"@type":"ImageObject","inLanguage":"it-IT","@id":"https:\/\/my-dna-test.com\/it\/#\/schema\/logo\/image\/","url":"https:\/\/my-dna-test.com\/wp-content\/uploads\/2024\/01\/logo-mta.png","contentUrl":"https:\/\/my-dna-test.com\/wp-content\/uploads\/2024\/01\/logo-mta.png","width":1500,"height":219,"caption":"My DNA Test"},"image":{"@id":"https:\/\/my-dna-test.com\/it\/#\/schema\/logo\/image\/"},"sameAs":["https:\/\/www.facebook.com\/mydnatest\/","https:\/\/x.com\/My_DNA_Test"]}]}},"_links":{"self":[{"href":"https:\/\/my-dna-test.com\/it\/wp-json\/wp\/v2\/pages\/1509","targetHints":{"allow":["GET"]}}],"collection":[{"href":"https:\/\/my-dna-test.com\/it\/wp-json\/wp\/v2\/pages"}],"about":[{"href":"https:\/\/my-dna-test.com\/it\/wp-json\/wp\/v2\/types\/page"}],"author":[{"embeddable":true,"href":"https:\/\/my-dna-test.com\/it\/wp-json\/wp\/v2\/users\/1"}],"replies":[{"embeddable":true,"href":"https:\/\/my-dna-test.com\/it\/wp-json\/wp\/v2\/comments?post=1509"}],"version-history":[{"count":5,"href":"https:\/\/my-dna-test.com\/it\/wp-json\/wp\/v2\/pages\/1509\/revisions"}],"predecessor-version":[{"id":1655,"href":"https:\/\/my-dna-test.com\/it\/wp-json\/wp\/v2\/pages\/1509\/revisions\/1655"}],"wp:attachment":[{"href":"https:\/\/my-dna-test.com\/it\/wp-json\/wp\/v2\/media?parent=1509"}],"curies":[{"name":"wp","href":"https:\/\/api.w.org\/{rel}","templated":true}]}}